{"id":15,"date":"2022-03-16T11:57:25","date_gmt":"2022-03-16T10:57:25","guid":{"rendered":"http:\/\/collectif-metis.org\/?page_id=15"},"modified":"2026-02-10T21:56:31","modified_gmt":"2026-02-10T20:56:31","slug":"accompagnement","status":"publish","type":"page","link":"https:\/\/collectif-metis.org\/index.php\/accompagnement\/","title":{"rendered":"D\u00e9marche associative"},"content":{"rendered":"\n<h2 class=\"wp-block-heading has-text-color\" style=\"color:#0d594d\">M\u00e9thodologie<\/h2>\n\n\n\n<p>M\u00e8tis accompagne diff\u00e9rents collectifs dans la culture, la s\u00e9lection et la transformation de vari\u00e9t\u00e9s issues de semences paysannes. L\u2019objectif est de cr\u00e9er ou renforcer des groupes au niveau local \u00e0 m\u00eame de pr\u00e9server sur le long terme la biodiversit\u00e9 des plantes cultiv\u00e9es. Un des objectifs de ces accompagnements est aussi de g\u00e9n\u00e9rer de l\u2019entraide entre petits paysans, artisans et citoyens pour de nouvelles formes d\u2019autonomie collective. Nous nous inscrivons dans une posture d\u2019accompagnant et non de prescripteur. Les praticiens et les organisations accompagn\u00e9es sont ainsi au centre du processus d\u2019accompagnement, en autonomie de d\u00e9cision et les actions sont enti\u00e8rement co-construites. Chaque accompagnement est ainsi unique selon les besoins et objectifs des groupes. Dans certaines situations, nous mobilisons une d\u00e9marche de recherche participative.<\/p>\n\n\n\n<p>Voici nos \u00e9tapes pr\u00e9alables \u00e0 tout accompagnement:<\/p>\n\n\n\n<div class=\"wp-block-media-text alignwide is-stacked-on-mobile\" style=\"grid-template-columns:44% auto\"><figure class=\"wp-block-media-text__media\"><img loading=\"lazy\" decoding=\"async\" width=\"1024\" height=\"1024\" src=\"https:\/\/collectif-metis.org\/wp-content\/uploads\/2022\/05\/20220403_095527-1024x1024.jpg\" alt=\"\" class=\"wp-image-246 size-full\" srcset=\"https:\/\/collectif-metis.org\/wp-content\/uploads\/2022\/05\/20220403_095527-1024x1024.jpg 1024w, https:\/\/collectif-metis.org\/wp-content\/uploads\/2022\/05\/20220403_095527-300x300.jpg 300w, https:\/\/collectif-metis.org\/wp-content\/uploads\/2022\/05\/20220403_095527-150x150.jpg 150w, https:\/\/collectif-metis.org\/wp-content\/uploads\/2022\/05\/20220403_095527-768x768.jpg 768w, https:\/\/collectif-metis.org\/wp-content\/uploads\/2022\/05\/20220403_095527-1536x1536.jpg 1536w, https:\/\/collectif-metis.org\/wp-content\/uploads\/2022\/05\/20220403_095527-2048x2048.jpg 2048w\" sizes=\"auto, (max-width: 1024px) 100vw, 1024px\" \/><\/figure><div class=\"wp-block-media-text__content\">\n<ul class=\"wp-block-list\">\n<li>\u00c9changes en amont avec des repr\u00e9sentants du collectif pour bien cerner les attentes, les probl\u00e9matiques, les objectifs et dessiner une premi\u00e8re proposition  (contenu, modalit\u00e9s d&rsquo;intervention&#8230;);<\/li>\n\n\n\n<li>Organisation d&rsquo;une journ\u00e9e pour commencer \u00e0 r\u00e9pondre \u00e0 ces attentes (intervention \u00e0 partir d&rsquo;exp\u00e9riences de paysans exp\u00e9riment\u00e9s et de r\u00e9sultats de projets de recherche), puis d\u00e9finition collective des suites \u00e0 donner pour atteindre les objectifs<\/li>\n<\/ul>\n<\/div><\/div>\n\n\n\n<p><\/p>\n\n\n\n<h2 class=\"wp-block-heading has-text-color\" style=\"color:#0d594d\">Recherche participative&nbsp;: vers une recherche simple et conviviale<\/h2>\n\n\n\n<p>Il arrive que certains collectifs se posent des questions sur les liens entre les plantes, leurs environnements et les pratiques. Dans ce cas, M\u00e8tis essaie de mettre en \u0153uvre une recherche simple et conviviale adapt\u00e9e aux r\u00e9alit\u00e9s paysannes, avec peu de moyens, enti\u00e8rement co-coconstruite et visant \u00e0 mieux comprendre le fonctionnement des agro\u00e9cosyst\u00e8mes . Nous postulons une \u00e9galit\u00e9 et une compl\u00e9mentarit\u00e9 de principe entre les connaissances issues de l\u2019exp\u00e9rience pratique et celles issues d\u2019une d\u00e9marche scientifique. Cette recherche s\u2019appuie sur les connaissances produites avec la recherche acad\u00e9mique en association avec les savoirs des praticiens, mais aussi sur les \u00e9changes entre pairs.<\/p>\n\n\n\n<p>Une telle d\u00e9marche est aussi un champ de recherche en soi&nbsp;: d\u2019un point de vue \u00e9pist\u00e9mologique, elle vise \u00e0 critiquer les m\u00e9thodes agronomiques classiques qui dominent la recherche agricole depuis 50 ans et \u00e0 proposer des alternatives. La recherche que nous souhaitons mettre en \u0153uvre vise \u00e0 augmenter la pertinence des connaissances produites dans un contexte agro\u00e9cologique et le niveau d\u2019autonomie des collectifs paysans. Un regard r\u00e9flexif et critique est central dans cette d\u00e9marche: comment sont produites les connaissances? Quelles sont leurs impact sur le terrain ? Renforcent-elles l\u2019autonomie individuelle et collective ? Ne vont-elles pas faciliter les tentatives de r\u00e9cup\u00e9ration par le syst\u00e8me agroindustriel (pillage des donn\u00e9es, privatisation des semences, etc) ?<\/p>\n\n\n\n<figure class=\"wp-block-gallery has-nested-images columns-default is-cropped wp-block-gallery-1 is-layout-flex wp-block-gallery-is-layout-flex\">\n<figure class=\"wp-block-image size-large\"><img loading=\"lazy\" decoding=\"async\" width=\"1024\" height=\"768\" data-id=\"261\" src=\"https:\/\/collectif-metis.org\/wp-content\/uploads\/2022\/05\/IMG_2327-1-1024x768.jpg\" alt=\"\" class=\"wp-image-261\" srcset=\"https:\/\/collectif-metis.org\/wp-content\/uploads\/2022\/05\/IMG_2327-1-1024x768.jpg 1024w, https:\/\/collectif-metis.org\/wp-content\/uploads\/2022\/05\/IMG_2327-1-300x225.jpg 300w, https:\/\/collectif-metis.org\/wp-content\/uploads\/2022\/05\/IMG_2327-1-768x576.jpg 768w, https:\/\/collectif-metis.org\/wp-content\/uploads\/2022\/05\/IMG_2327-1-1536x1152.jpg 1536w, https:\/\/collectif-metis.org\/wp-content\/uploads\/2022\/05\/IMG_2327-1.jpg 2048w\" sizes=\"auto, (max-width: 1024px) 100vw, 1024px\" \/><\/figure>\n\n\n\n<figure class=\"wp-block-image size-large\"><img loading=\"lazy\" decoding=\"async\" width=\"1024\" height=\"768\" data-id=\"262\" src=\"https:\/\/collectif-metis.org\/wp-content\/uploads\/2022\/05\/IMG_3039-1024x768.jpg\" alt=\"\" class=\"wp-image-262\" srcset=\"https:\/\/collectif-metis.org\/wp-content\/uploads\/2022\/05\/IMG_3039-1024x768.jpg 1024w, https:\/\/collectif-metis.org\/wp-content\/uploads\/2022\/05\/IMG_3039-300x225.jpg 300w, https:\/\/collectif-metis.org\/wp-content\/uploads\/2022\/05\/IMG_3039-768x576.jpg 768w, https:\/\/collectif-metis.org\/wp-content\/uploads\/2022\/05\/IMG_3039-1536x1152.jpg 1536w, https:\/\/collectif-metis.org\/wp-content\/uploads\/2022\/05\/IMG_3039-2048x1536.jpg 2048w\" sizes=\"auto, (max-width: 1024px) 100vw, 1024px\" \/><\/figure>\n<\/figure>\n","protected":false},"excerpt":{"rendered":"<p>M\u00e9thodologie M\u00e8tis accompagne diff\u00e9rents collectifs dans la culture, la s\u00e9lection et la transformation de vari\u00e9t\u00e9s issues de semences paysannes. L\u2019objectif est de cr\u00e9er ou renforcer des groupes au niveau local \u00e0 m\u00eame de pr\u00e9server sur le long terme la biodiversit\u00e9 des plantes cultiv\u00e9es. Un des objectifs de ces accompagnements est [&hellip;]<\/p>\n","protected":false},"author":1,"featured_media":1610,"parent":0,"menu_order":0,"comment_status":"closed","ping_status":"closed","template":"","meta":{"footnotes":""},"class_list":["post-15","page","type-page","status-publish","has-post-thumbnail","hentry"],"_links":{"self":[{"href":"https:\/\/collectif-metis.org\/index.php\/wp-json\/wp\/v2\/pages\/15","targetHints":{"allow":["GET"]}}],"collection":[{"href":"https:\/\/collectif-metis.org\/index.php\/wp-json\/wp\/v2\/pages"}],"about":[{"href":"https:\/\/collectif-metis.org\/index.php\/wp-json\/wp\/v2\/types\/page"}],"author":[{"embeddable":true,"href":"https:\/\/collectif-metis.org\/index.php\/wp-json\/wp\/v2\/users\/1"}],"replies":[{"embeddable":true,"href":"https:\/\/collectif-metis.org\/index.php\/wp-json\/wp\/v2\/comments?post=15"}],"version-history":[{"count":16,"href":"https:\/\/collectif-metis.org\/index.php\/wp-json\/wp\/v2\/pages\/15\/revisions"}],"predecessor-version":[{"id":1609,"href":"https:\/\/collectif-metis.org\/index.php\/wp-json\/wp\/v2\/pages\/15\/revisions\/1609"}],"wp:featuredmedia":[{"embeddable":true,"href":"https:\/\/collectif-metis.org\/index.php\/wp-json\/wp\/v2\/media\/1610"}],"wp:attachment":[{"href":"https:\/\/collectif-metis.org\/index.php\/wp-json\/wp\/v2\/media?parent=15"}],"curies":[{"name":"wp","href":"https:\/\/api.w.org\/{rel}","templated":true}]}}