{"id":2,"date":"2022-03-16T07:02:38","date_gmt":"2022-03-16T06:02:38","guid":{"rendered":"http:\/\/collectif-metis.org\/?page_id=2"},"modified":"2026-02-05T15:33:05","modified_gmt":"2026-02-05T14:33:05","slug":"formations","status":"publish","type":"page","link":"https:\/\/collectif-metis.org\/index.php\/formations\/","title":{"rendered":"Formations"},"content":{"rendered":"\n<div class=\"wp-block-group alignwide\"><div class=\"wp-block-group__inner-container is-layout-constrained wp-block-group-is-layout-constrained\">\n<p>M\u00e8tis est un collectif centr\u00e9 sur<strong> la pr\u00e9servation et le renouvellement de la biodiversit\u00e9 cultiv\u00e9e ainsi que des savoir-faire associ\u00e9s dans le Sud Ouest de la France. <\/strong>Dans la Gr\u00e8ce archa\u00efque, la <em>m\u00e8tis<\/em> est une forme de connaissance n\u00e9e de la pratique et de l\u2019exp\u00e9rience. M\u00e8tis est membre du R\u00e9seau Semences Paysannes.<\/p>\n\n\n\n<p>En accord avec cet objet social, M\u00e8tis organise des formations courtes \u00e0 la ferme, dans le cadre de la formation professionnelle continue pour adultes et jeunes adultes, sur les th\u00e9matiques suivantes&nbsp;: transformation des c\u00e9r\u00e9ales paysannes \u00e0 la ferme (meunerie sur moulin de type Astri\u00e9, panification au levain naturel, fabrication d\u2019autre produits boulangers), s\u00e9lection des bl\u00e9s paysans \u00e0 la ferme, produire ses semences paysannes potag\u00e8res bios.<\/p>\n\n\n\n<p>En 2025, l\u2019association a organis\u00e9 :<\/p>\n\n\n\n<ul class=\"wp-block-list\">\n<li><strong>116 heures<\/strong> de formation qui ont touch\u00e9 <strong>76 personnes<\/strong> (paysannes, paysans, boulang\u00e8res, boulangers, salari\u00e9.es agricoles, porteur.ses de projet) avec un <strong>taux de satisfaction global de 98,6 %<\/strong>.<\/li>\n\n\n\n<li>Concernant <strong>la pertinence des exercices et activit\u00e9s propos\u00e9es<\/strong> lors de ces formations, ce taux est de <strong>100%<\/strong>.<\/li>\n\n\n\n<li>Plus sp\u00e9cifiquement, sur les formations \u00ab\u00a0boulangerie \u00e0 la ferme avec des farines de bl\u00e9s paysans\u00a0\u00bb, <strong>le taux de satisfaction global <\/strong>s&rsquo;\u00e9l\u00e8ve \u00e0 <strong>98.8%<\/strong> et celui relatif \u00e0 la <strong>pertinence des activit\u00e9s et exercices<\/strong> \u00e0 <strong>100%<\/strong>.<\/li>\n\n\n\n<li>Sur les autres formations relatives aux semences paysannes et \u00e0 la biodiversit\u00e9 cultiv\u00e9e, <strong>le taux de satisfaction global<\/strong> s&rsquo;\u00e9l\u00e8ve \u00e0 <strong>98.5 %<\/strong> et celui relatif \u00e0 la <strong>pertinence des activit\u00e9s et exercices \u00e0 100%<\/strong>.<\/li>\n<\/ul>\n\n\n\n<p>Nos formations sont ouvertes \u00e0 toutes et tous. Vous pouvez \u00eatre concern\u00e9s par une situation handicapante ou difficile, qu\u2019il est n\u00e9cessaire de prendre en compte (probl\u00e8mes moteurs, mentaux, auditifs, visuels\u2026.). <strong>N\u2019h\u00e9sitez pas \u00e0 nous faire part de vos besoins en amont<\/strong>, quelque soit votre situation pour que l\u2019on puisse ensemble am\u00e9nager au mieux la formation (Fr\u00e9d\u00e9ric Latour responsable formation, <a href=\"mailto:collectif_metis@riseup.net\">collectif_metis@riseup.net<\/a>). En 2025, <strong>50 % des personnes<\/strong> n&rsquo;ayant pas de financement et devant financer la formation sur leur fonds propres ont b\u00e9n\u00e9fici\u00e9 <strong>d&rsquo;un tarif solidaire<\/strong> sur demande. Les tarifs pratiqu\u00e9s ne doivent pas \u00eatre un frein pour l\u2019acc\u00e8s aux formations de M\u00e8tis:<strong> pour les personnes \u00e0 faible revenu, nous contacter, possibilit\u00e9 d\u2019un tarif solidaire<\/strong>.<\/p>\n\n\n\n<p>Plus d\u2019info sur&nbsp;:<\/p>\n\n\n\n<p class=\"has-text-color has-link-color wp-elements-81d748c1ac56527969eadd8ad159a8ed\" style=\"color:#0d594d\"><a href=\"https:\/\/collectif-metis.org\/index.php\/cadre-pedagogique\/\" target=\"_blank\" rel=\"noreferrer noopener\">Cadre p\u00e9dagogique\/ programmes de formation<\/a><br><a href=\"https:\/\/collectif-metis.org\/index.php\/formations-a-venir\/\" data-type=\"page\" data-id=\"910\" target=\"_blank\" rel=\"noreferrer noopener\">Formations \u00e0 venir<\/a><\/p>\n\n\n\n<hr class=\"wp-block-separator has-alpha-channel-opacity\"\/>\n\n\n\n<p><strong>TARIF 2026<\/strong><\/p>\n\n\n\n<p><a href=\"https:\/\/www.helloasso.com\/associations\/association-metis\/adhesions\/adhesion-2026\" target=\"_blank\" rel=\"noreferrer noopener\">Adh\u00e9sion obligatoire \u00e0 l\u2019association M\u00e8tis <\/a>(5 euros)<\/p>\n\n\n\n<ul class=\"wp-block-list\">\n<li>Pour les agriculteurs, conjoints collaborateurs, cotisant solidaire, porteurs de projet en d\u00e9marche d\u2019installation et \u00e9ligible \u00e0 Viv\u00e9a, le co\u00fbt de la formation est enti\u00e8rement pris en charge par le fond de formation Viv\u00e9a (<strong>30 euros\/heure<\/strong> sauf exception, voir programme d\u00e9taill\u00e9 des formations)&nbsp;;<\/li>\n\n\n\n<li>Pour les artisans-boulangers et autres artisans de l\u2019alimentaire ind\u00e9pendants immatricul\u00e9s \u00e0 la chambre des m\u00e9tiers, le co\u00fbt de la formation peut \u00eatre pris en charge par FAFCEA (<strong>50 euros\/heure<\/strong>). Nous contacter en amont de la formation ;<\/li>\n\n\n\n<li>Pour les autoentrepreneurs, autres artisans ind\u00e9pendants, salari\u00e9-e-s secteurs agricoles, para-agricoles, associatifs, autres : le co\u00fbt de la formation peut \u00eatre pris en charge en totalit\u00e9 ou partiellement par l\u2019OPCO de votre entreprise ou votre fond d&rsquo;assurance formation (<strong>50 euros\/heure<\/strong>). Nous contacter en amont de la formation. Ce tarif ne doit pas \u00eatre un frein pour l\u2019acc\u00e8s \u00e0 la formation: pour les<br>petites organisations, nous contacter, possibilit\u00e9 d\u2019un tarif solidaire.<\/li>\n\n\n\n<li>Pour les personnes non finan\u00e7ables, <strong>100 euros\/journ\u00e9e<\/strong>. Ce tarif ne doit pas \u00eatre un frein pour l\u2019acc\u00e8s \u00e0 cette formation: pour les personnes \u00e0 faible revenu, nous contacter, possibilit\u00e9 d\u2019un tarif solidaire.<\/li>\n<\/ul>\n\n\n\n<div style=\"height:27px\" aria-hidden=\"true\" class=\"wp-block-spacer\"><\/div>\n\n\n\n<div class=\"wp-block-columns is-layout-flex wp-container-core-columns-is-layout-28f84493 wp-block-columns-is-layout-flex\">\n<div class=\"wp-block-column is-layout-flow wp-block-column-is-layout-flow\">\n<figure class=\"wp-block-gallery has-nested-images columns-default is-cropped wp-block-gallery-1 is-layout-flex wp-block-gallery-is-layout-flex\"><div class=\"wp-block-image\">\n<figure class=\"aligncenter size-large is-resized\"><img loading=\"lazy\" decoding=\"async\" width=\"980\" height=\"825\" data-id=\"1318\" src=\"https:\/\/collectif-metis.org\/wp-content\/uploads\/2025\/07\/logo-qualiopi-avec-action-de-formation.png\" alt=\"\" class=\"wp-image-1318\" style=\"width:299px;height:auto\" srcset=\"https:\/\/collectif-metis.org\/wp-content\/uploads\/2025\/07\/logo-qualiopi-avec-action-de-formation.png 980w, https:\/\/collectif-metis.org\/wp-content\/uploads\/2025\/07\/logo-qualiopi-avec-action-de-formation-300x253.png 300w, https:\/\/collectif-metis.org\/wp-content\/uploads\/2025\/07\/logo-qualiopi-avec-action-de-formation-768x647.png 768w\" sizes=\"auto, (max-width: 980px) 100vw, 980px\" \/><\/figure>\n<\/div><\/figure>\n\n\n<div class=\"wp-block-image\">\n<figure class=\"alignleft is-resized\"><img loading=\"lazy\" decoding=\"async\" width=\"2560\" height=\"1221\" src=\"https:\/\/collectif-metis.org\/wp-content\/uploads\/2022\/03\/Logo-metis-scaled.jpg\" alt=\"\" class=\"wp-image-9\" style=\"width:440px;height:auto\" srcset=\"https:\/\/collectif-metis.org\/wp-content\/uploads\/2022\/03\/Logo-metis-scaled.jpg 2560w, https:\/\/collectif-metis.org\/wp-content\/uploads\/2022\/03\/Logo-metis-300x143.jpg 300w, https:\/\/collectif-metis.org\/wp-content\/uploads\/2022\/03\/Logo-metis-1024x488.jpg 1024w, https:\/\/collectif-metis.org\/wp-content\/uploads\/2022\/03\/Logo-metis-768x366.jpg 768w, https:\/\/collectif-metis.org\/wp-content\/uploads\/2022\/03\/Logo-metis-1536x732.jpg 1536w, https:\/\/collectif-metis.org\/wp-content\/uploads\/2022\/03\/Logo-metis-2048x977.jpg 2048w, https:\/\/collectif-metis.org\/wp-content\/uploads\/2022\/03\/Logo-metis-1568x748.jpg 1568w\" sizes=\"auto, (max-width: 2560px) 100vw, 2560px\" \/><\/figure>\n<\/div><\/div>\n\n\n\n<div class=\"wp-block-column is-layout-flow wp-block-column-is-layout-flow\">\n<div data-wp-interactive=\"core\/file\" class=\"wp-block-file\"><object data-wp-bind--hidden=\"!state.hasPdfPreview\" hidden class=\"wp-block-file__embed\" data=\"https:\/\/collectif-metis.org\/wp-content\/uploads\/2025\/07\/Certificat-Qualiopi-Association-Metis.pdf\" type=\"application\/pdf\" style=\"width:100%;height:451px\" aria-label=\"Contenu embarqu\u00e9 Certificat Qualiopi - Association M\u00e8tis.\"><\/object><a id=\"wp-block-file--media-671e4804-9a3d-427a-a711-a7aa43cc9cc1\" href=\"https:\/\/collectif-metis.org\/wp-content\/uploads\/2025\/07\/Certificat-Qualiopi-Association-Metis.pdf\" target=\"_blank\" rel=\"noreferrer noopener\">Certificat Qualiopi &#8211; Association M\u00e8tis<\/a><a href=\"https:\/\/collectif-metis.org\/wp-content\/uploads\/2025\/07\/Certificat-Qualiopi-Association-Metis.pdf\" class=\"wp-block-file__button wp-element-button\" download aria-describedby=\"wp-block-file--media-671e4804-9a3d-427a-a711-a7aa43cc9cc1\">T\u00e9l\u00e9charger<\/a><\/div>\n<\/div>\n<\/div>\n\n\n\n<div style=\"height:25px\" aria-hidden=\"true\" class=\"wp-block-spacer\"><\/div>\n\n\n\n<p class=\"has-black-color has-text-color has-link-color wp-elements-2f278fd0426e6df9d1fc8d03e322108e\"><strong>REGLEMENT INT\u00c9RIEUR<\/strong> <strong>ET CGV DE NOS FORMATIONS<\/strong><\/p>\n\n\n\n<div class=\"wp-block-file\"><a id=\"wp-block-file--media-8e13305d-a552-475e-955a-5c619f119abb\" href=\"https:\/\/collectif-metis.org\/wp-content\/uploads\/2025\/06\/RI-formation-Metis_juin-2025-V.2.pdf\" target=\"_blank\" rel=\"noreferrer noopener\">R\u00e9glement int\u00e9rieur formation M\u00e8tis_juin 2025 V.2<\/a><a href=\"https:\/\/collectif-metis.org\/wp-content\/uploads\/2025\/06\/RI-formation-Metis_juin-2025-V.2.pdf\" class=\"wp-block-file__button wp-element-button\" download aria-describedby=\"wp-block-file--media-8e13305d-a552-475e-955a-5c619f119abb\">T\u00e9l\u00e9charger<\/a><\/div>\n\n\n\n<div class=\"wp-block-file\"><a id=\"wp-block-file--media-088fa57f-da85-4549-9b50-723d53d75c59\" href=\"https:\/\/collectif-metis.org\/wp-content\/uploads\/2026\/02\/CGS-formation-Metis_janvier-2026_V.1.pdf\" target=\"_blank\" rel=\"noreferrer noopener\">CGS formation M\u00e8tis_janvier 2026_V.1<\/a><a href=\"https:\/\/collectif-metis.org\/wp-content\/uploads\/2026\/02\/CGS-formation-Metis_janvier-2026_V.1.pdf\" class=\"wp-block-file__button wp-element-button\" download aria-describedby=\"wp-block-file--media-088fa57f-da85-4549-9b50-723d53d75c59\">T\u00e9l\u00e9charger<\/a><\/div>\n\n\n\n<p><br><\/p>\n\n\n\n<div style=\"height:1px\" aria-hidden=\"true\" class=\"wp-block-spacer\"><\/div>\n<\/div><\/div>\n\n\n\n<hr class=\"wp-block-separator has-alpha-channel-opacity\"\/>\n\n\n\n<p><\/p>\n","protected":false},"excerpt":{"rendered":"<p>M\u00e8tis est un collectif centr\u00e9 sur la pr\u00e9servation et le renouvellement de la biodiversit\u00e9 cultiv\u00e9e ainsi que des savoir-faire associ\u00e9s dans le Sud Ouest de la France. Dans la Gr\u00e8ce archa\u00efque, la m\u00e8tis est une forme de connaissance n\u00e9e de la pratique et de l\u2019exp\u00e9rience. M\u00e8tis est membre du R\u00e9seau [&hellip;]<\/p>\n","protected":false},"author":1,"featured_media":853,"parent":0,"menu_order":0,"comment_status":"closed","ping_status":"open","template":"","meta":{"footnotes":""},"class_list":["post-2","page","type-page","status-publish","has-post-thumbnail","hentry"],"_links":{"self":[{"href":"https:\/\/collectif-metis.org\/index.php\/wp-json\/wp\/v2\/pages\/2","targetHints":{"allow":["GET"]}}],"collection":[{"href":"https:\/\/collectif-metis.org\/index.php\/wp-json\/wp\/v2\/pages"}],"about":[{"href":"https:\/\/collectif-metis.org\/index.php\/wp-json\/wp\/v2\/types\/page"}],"author":[{"embeddable":true,"href":"https:\/\/collectif-metis.org\/index.php\/wp-json\/wp\/v2\/users\/1"}],"replies":[{"embeddable":true,"href":"https:\/\/collectif-metis.org\/index.php\/wp-json\/wp\/v2\/comments?post=2"}],"version-history":[{"count":130,"href":"https:\/\/collectif-metis.org\/index.php\/wp-json\/wp\/v2\/pages\/2\/revisions"}],"predecessor-version":[{"id":1566,"href":"https:\/\/collectif-metis.org\/index.php\/wp-json\/wp\/v2\/pages\/2\/revisions\/1566"}],"wp:featuredmedia":[{"embeddable":true,"href":"https:\/\/collectif-metis.org\/index.php\/wp-json\/wp\/v2\/media\/853"}],"wp:attachment":[{"href":"https:\/\/collectif-metis.org\/index.php\/wp-json\/wp\/v2\/media?parent=2"}],"curies":[{"name":"wp","href":"https:\/\/api.w.org\/{rel}","templated":true}]}}