{"id":893,"date":"2025-01-21T14:18:41","date_gmt":"2025-01-21T13:18:41","guid":{"rendered":"https:\/\/collectif-metis.org\/?page_id=893"},"modified":"2025-02-14T21:54:55","modified_gmt":"2025-02-14T20:54:55","slug":"formation-a-venir","status":"publish","type":"page","link":"https:\/\/collectif-metis.org\/index.php\/formation-a-venir\/","title":{"rendered":"Agenda"},"content":{"rendered":"<ul class=\"wp-block-latest-posts__list wp-block-latest-posts\"><li><div class=\"wp-block-latest-posts__featured-image alignright\"><img loading=\"lazy\" decoding=\"async\" width=\"300\" height=\"300\" src=\"https:\/\/collectif-metis.org\/wp-content\/uploads\/2026\/01\/faconnage_9-300x300.jpeg\" class=\"attachment-medium size-medium wp-post-image\" alt=\"\" style=\"\" srcset=\"https:\/\/collectif-metis.org\/wp-content\/uploads\/2026\/01\/faconnage_9-300x300.jpeg 300w, https:\/\/collectif-metis.org\/wp-content\/uploads\/2026\/01\/faconnage_9-1024x1024.jpeg 1024w, https:\/\/collectif-metis.org\/wp-content\/uploads\/2026\/01\/faconnage_9-150x150.jpeg 150w, https:\/\/collectif-metis.org\/wp-content\/uploads\/2026\/01\/faconnage_9-768x768.jpeg 768w, https:\/\/collectif-metis.org\/wp-content\/uploads\/2026\/01\/faconnage_9-1536x1536.jpeg 1536w, https:\/\/collectif-metis.org\/wp-content\/uploads\/2026\/01\/faconnage_9.jpeg 2048w\" sizes=\"auto, (max-width: 300px) 100vw, 300px\" \/><\/div><a class=\"wp-block-latest-posts__post-title\" href=\"https:\/\/collectif-metis.org\/index.php\/2026\/03\/23\/fabriquer-des-brioches-au-levain-naturel-et-des-gateaux-de-voyages-avec-des-farines-de-bles-paysans-les-18-19-avril-2026-lacepede\/\">Fabriquer des brioches au levain naturel et des g\u00e2teaux de voyages avec des farines de bl\u00e9s paysans, les 18 &amp; 19 avril 2026, Lac\u00e9p\u00e8de<\/a><div class=\"wp-block-latest-posts__post-excerpt\">Formation de deux jours alternant th\u00e9orie et pratique, pour comprendre les sp\u00e9cificit\u00e9s des qualit\u00e9s boulang\u00e8res et p\u00e2tissi\u00e8res des bl\u00e9s paysans et pratiquer \u00ab la main dans la p\u00e2te \u00bb pour les appr\u00e9hender de mani\u00e8re sensible dans le cadre d\u2019un fournil artisanal. Fabrication de g\u00e2teaux de voyage (g\u00e2teau creusois, tarte aux\u2026 <a class=\"wp-block-latest-posts__read-more\" href=\"https:\/\/collectif-metis.org\/index.php\/2026\/03\/23\/fabriquer-des-brioches-au-levain-naturel-et-des-gateaux-de-voyages-avec-des-farines-de-bles-paysans-les-18-19-avril-2026-lacepede\/\" rel=\"noopener noreferrer\">Lire la suite<span class=\"screen-reader-text\">\u00a0: Fabriquer des brioches au levain naturel et des g\u00e2teaux de voyages avec des farines de bl\u00e9s paysans, les 18 &amp; 19 avril 2026, Lac\u00e9p\u00e8de<\/span><\/a><\/div><\/li>\n<li><div class=\"wp-block-latest-posts__featured-image alignright\"><img loading=\"lazy\" decoding=\"async\" width=\"300\" height=\"200\" src=\"https:\/\/collectif-metis.org\/wp-content\/uploads\/2025\/02\/IMG_2459-300x200.jpg\" class=\"attachment-medium size-medium wp-post-image\" alt=\"\" style=\"\" srcset=\"https:\/\/collectif-metis.org\/wp-content\/uploads\/2025\/02\/IMG_2459-300x200.jpg 300w, https:\/\/collectif-metis.org\/wp-content\/uploads\/2025\/02\/IMG_2459-1024x683.jpg 1024w, https:\/\/collectif-metis.org\/wp-content\/uploads\/2025\/02\/IMG_2459-768x512.jpg 768w, https:\/\/collectif-metis.org\/wp-content\/uploads\/2025\/02\/IMG_2459-1536x1024.jpg 1536w, https:\/\/collectif-metis.org\/wp-content\/uploads\/2025\/02\/IMG_2459-2048x1365.jpg 2048w, https:\/\/collectif-metis.org\/wp-content\/uploads\/2025\/02\/IMG_2459-360x240.jpg 360w\" sizes=\"auto, (max-width: 300px) 100vw, 300px\" \/><\/div><a class=\"wp-block-latest-posts__post-title\" href=\"https:\/\/collectif-metis.org\/index.php\/2026\/03\/17\/evenement-du-grain-au-pain-21-mars-2026-frontenac\/\">\u00c9v\u00e8nement \u00ab\u00a0Du grain au pain\u00a0\u00bb, 21 mars 2026, Frontenac<\/a><div class=\"wp-block-latest-posts__post-excerpt\">Gratuit avec pr\u00e9-inscription dans le lien ci-dessous https:\/\/www.helloasso.com\/associations\/l-asso-d-ismee\/evenements\/du-grain-au-pain<\/div><\/li>\n<li><div class=\"wp-block-latest-posts__featured-image alignright\"><img loading=\"lazy\" decoding=\"async\" width=\"300\" height=\"200\" src=\"https:\/\/collectif-metis.org\/wp-content\/uploads\/2025\/10\/temps_prise_metis_cyril-300x200.jpg\" class=\"attachment-medium size-medium wp-post-image\" alt=\"\" style=\"\" srcset=\"https:\/\/collectif-metis.org\/wp-content\/uploads\/2025\/10\/temps_prise_metis_cyril-300x200.jpg 300w, https:\/\/collectif-metis.org\/wp-content\/uploads\/2025\/10\/temps_prise_metis_cyril-1024x683.jpg 1024w, https:\/\/collectif-metis.org\/wp-content\/uploads\/2025\/10\/temps_prise_metis_cyril-768x512.jpg 768w, https:\/\/collectif-metis.org\/wp-content\/uploads\/2025\/10\/temps_prise_metis_cyril-1536x1024.jpg 1536w, https:\/\/collectif-metis.org\/wp-content\/uploads\/2025\/10\/temps_prise_metis_cyril-2048x1365.jpg 2048w, https:\/\/collectif-metis.org\/wp-content\/uploads\/2025\/10\/temps_prise_metis_cyril-360x240.jpg 360w\" sizes=\"auto, (max-width: 300px) 100vw, 300px\" \/><\/div><a class=\"wp-block-latest-posts__post-title\" href=\"https:\/\/collectif-metis.org\/index.php\/2026\/01\/08\/fabriquer-des-pains-au-levain-naturel-avec-des-farines-de-ble-petit-epeautre-et-sarrasin-paysans-12-13-14-avril-2026-monleon-magnoac-65\/\">Fabriquer des pains au levain naturel avec des farines de bl\u00e9s, petits \u00e9peautres et sarrasins paysans, 12, 13, 14 avril 2026, Monl\u00e9on-Magnoac (65)<\/a><div class=\"wp-block-latest-posts__post-excerpt\">Formation de deux jours et demi dans le fournil d\u2019Eric Marie (paysan-boulanger Nature&amp;Progr\u00e8s) qui partagera ses 30 ann\u00e9es d\u2019exp\u00e9rience en association avec Pierre Rivi\u00e8re (animateur-chercheur sp\u00e9cialis\u00e9 dans les semences paysannes). Formation mettant en dialogue savoirs th\u00e9oriques et pratiques, pour comprendre les sp\u00e9cificit\u00e9s des qualit\u00e9s boulang\u00e8res et nutritives des bl\u00e9s, petits\u2026 <a class=\"wp-block-latest-posts__read-more\" href=\"https:\/\/collectif-metis.org\/index.php\/2026\/01\/08\/fabriquer-des-pains-au-levain-naturel-avec-des-farines-de-ble-petit-epeautre-et-sarrasin-paysans-12-13-14-avril-2026-monleon-magnoac-65\/\" rel=\"noopener noreferrer\">Lire la suite<span class=\"screen-reader-text\">\u00a0: Fabriquer des pains au levain naturel avec des farines de bl\u00e9s, petits \u00e9peautres et sarrasins paysans, 12, 13, 14 avril 2026, Monl\u00e9on-Magnoac (65)<\/span><\/a><\/div><\/li>\n<\/ul>","protected":false},"excerpt":{"rendered":"","protected":false},"author":1,"featured_media":0,"parent":0,"menu_order":0,"comment_status":"closed","ping_status":"closed","template":"","meta":{"footnotes":""},"class_list":["post-893","page","type-page","status-publish","hentry"],"_links":{"self":[{"href":"https:\/\/collectif-metis.org\/index.php\/wp-json\/wp\/v2\/pages\/893","targetHints":{"allow":["GET"]}}],"collection":[{"href":"https:\/\/collectif-metis.org\/index.php\/wp-json\/wp\/v2\/pages"}],"about":[{"href":"https:\/\/collectif-metis.org\/index.php\/wp-json\/wp\/v2\/types\/page"}],"author":[{"embeddable":true,"href":"https:\/\/collectif-metis.org\/index.php\/wp-json\/wp\/v2\/users\/1"}],"replies":[{"embeddable":true,"href":"https:\/\/collectif-metis.org\/index.php\/wp-json\/wp\/v2\/comments?post=893"}],"version-history":[{"count":6,"href":"https:\/\/collectif-metis.org\/index.php\/wp-json\/wp\/v2\/pages\/893\/revisions"}],"predecessor-version":[{"id":1040,"href":"https:\/\/collectif-metis.org\/index.php\/wp-json\/wp\/v2\/pages\/893\/revisions\/1040"}],"wp:attachment":[{"href":"https:\/\/collectif-metis.org\/index.php\/wp-json\/wp\/v2\/media?parent=893"}],"curies":[{"name":"wp","href":"https:\/\/api.w.org\/{rel}","templated":true}]}}