{"id":904,"date":"2025-01-21T14:51:02","date_gmt":"2025-01-21T13:51:02","guid":{"rendered":"https:\/\/collectif-metis.org\/?page_id=904"},"modified":"2025-01-21T14:56:58","modified_gmt":"2025-01-21T13:56:58","slug":"articles-politiques","status":"publish","type":"page","link":"https:\/\/collectif-metis.org\/index.php\/articles-politiques\/","title":{"rendered":"Articles politiques"},"content":{"rendered":"<ul class=\"wp-block-latest-posts__list has-dates wp-block-latest-posts\"><li><div class=\"wp-block-latest-posts__featured-image alignleft\"><img loading=\"lazy\" decoding=\"async\" width=\"150\" height=\"150\" src=\"https:\/\/collectif-metis.org\/wp-content\/uploads\/2025\/12\/IMG_4157-bis-150x150.jpg\" class=\"attachment-thumbnail size-thumbnail wp-post-image\" alt=\"\" style=\"\" \/><\/div><a class=\"wp-block-latest-posts__post-title\" href=\"https:\/\/collectif-metis.org\/index.php\/2025\/12\/03\/lettre-commune-reforme-mrv-plus-de-200-organisations-demandent-aux-etats-membres-de-proteger-et-renforcer-lagrobiodiversite\/\">Lettre commune \u2013 r\u00e9forme MRV : plus de 200 organisations demandent aux Etats membres de prot\u00e9ger et renforcer l\u2019agrobiodiversit\u00e9<\/a><time datetime=\"2025-12-03T09:03:32+01:00\" class=\"wp-block-latest-posts__post-date\">3 d\u00e9cembre 2025<\/time><div class=\"wp-block-latest-posts__post-excerpt\">Alors que les n\u00e9gociations sur le nouveau r\u00e8glement europ\u00e9en relatif \u00e0 la production et \u00e0 la commercialisation du mat\u00e9riel de reproduction des v\u00e9g\u00e9taux (MRV) touchent \u00e0 leur fin au niveau du Conseil, une large coalition de pr\u00e8s de 250 organisations, repr\u00e9sentant des petit.e.s agriculteur.rices, des s\u00e9lectionneur.euses, des conservateur.rices de semences\u2026 <a class=\"wp-block-latest-posts__read-more\" href=\"https:\/\/collectif-metis.org\/index.php\/2025\/12\/03\/lettre-commune-reforme-mrv-plus-de-200-organisations-demandent-aux-etats-membres-de-proteger-et-renforcer-lagrobiodiversite\/\" rel=\"noopener noreferrer\">Lire la suite<span class=\"screen-reader-text\">\u00a0: Lettre commune \u2013 r\u00e9forme MRV : plus de 200 organisations demandent aux Etats membres de prot\u00e9ger et renforcer l\u2019agrobiodiversit\u00e9<\/span><\/a><\/div><\/li>\n<li><div class=\"wp-block-latest-posts__featured-image alignleft\"><img loading=\"lazy\" decoding=\"async\" width=\"150\" height=\"150\" src=\"https:\/\/collectif-metis.org\/wp-content\/uploads\/2025\/02\/IMG_1523.resized-150x150.jpg\" class=\"attachment-thumbnail size-thumbnail wp-post-image\" alt=\"\" style=\"\" \/><\/div><a class=\"wp-block-latest-posts__post-title\" href=\"https:\/\/collectif-metis.org\/index.php\/2025\/12\/02\/lettre-commune-reforme-europeenne-production-et-commercialisation-semences\/\">Joint letter \u2013 production and marketing plant reproductive material european reform: 250 european organisations urge Member States to protect and enhance agrobiodiversity<\/a><time datetime=\"2025-12-02T21:59:32+01:00\" class=\"wp-block-latest-posts__post-date\">2 d\u00e9cembre 2025<\/time><div class=\"wp-block-latest-posts__post-excerpt\">As the negotiations on the new EU Regulation on the Production and Marketing of Plant Reproductive Material (PRM) are coming to an end at the Council level, a large coalition of more than 200 organisations representing small-scale farmers, breeders, seed savers and environmental NGOs sent a joint letter to EU\u2026 <a class=\"wp-block-latest-posts__read-more\" href=\"https:\/\/collectif-metis.org\/index.php\/2025\/12\/02\/lettre-commune-reforme-europeenne-production-et-commercialisation-semences\/\" rel=\"noopener noreferrer\">Lire la suite<span class=\"screen-reader-text\">\u00a0: Joint letter \u2013 production and marketing plant reproductive material european reform: 250 european organisations urge Member States to protect and enhance agrobiodiversity<\/span><\/a><\/div><\/li>\n<li><div class=\"wp-block-latest-posts__featured-image alignleft\"><img loading=\"lazy\" decoding=\"async\" width=\"150\" height=\"150\" src=\"https:\/\/collectif-metis.org\/wp-content\/uploads\/2025\/09\/logo-RSP-150x150.jpg\" class=\"attachment-thumbnail size-thumbnail wp-post-image\" alt=\"\" style=\"\" \/><\/div><a class=\"wp-block-latest-posts__post-title\" href=\"https:\/\/collectif-metis.org\/index.php\/2025\/09\/05\/semences-cibles-de-guerre\/\">Semences, cibles de guerre<\/a><time datetime=\"2025-09-05T10:27:30+02:00\" class=\"wp-block-latest-posts__post-date\">5 septembre 2025<\/time><div class=\"wp-block-latest-posts__post-excerpt\">= Destruction d\u2019un peuple, d\u2019une culture et d\u2019un pays Communiqu\u00e9 de presse du R\u00e9seau Semences Paysannes du 4 ao\u00fbt 2025 Le R\u00e9seau Semences Paysannes, constitu\u00e9 de plus de quatre-vingt organisations, toutes impliqu\u00e9es dans des initiatives de promotion et de d\u00e9fense de la biodiversit\u00e9 cultiv\u00e9e et des savoir-faire associ\u00e9s, souhaite rappeler\u2026 <a class=\"wp-block-latest-posts__read-more\" href=\"https:\/\/collectif-metis.org\/index.php\/2025\/09\/05\/semences-cibles-de-guerre\/\" rel=\"noopener noreferrer\">Lire la suite<span class=\"screen-reader-text\">\u00a0: Semences, cibles de guerre<\/span><\/a><\/div><\/li>\n<li><div class=\"wp-block-latest-posts__featured-image alignleft\"><img loading=\"lazy\" decoding=\"async\" width=\"150\" height=\"150\" src=\"https:\/\/collectif-metis.org\/wp-content\/uploads\/2022\/10\/Poulard-auvergne-1-150x150.jpg\" class=\"attachment-thumbnail size-thumbnail wp-post-image\" alt=\"\" style=\"\" \/><\/div><a class=\"wp-block-latest-posts__post-title\" href=\"https:\/\/collectif-metis.org\/index.php\/2025\/05\/14\/texte-de-positionnement-suite-a-une-demande-de-commercialisation-de-semences-de-ble-poulard-par-agri-obtentions\/\">Texte de positionnement suite \u00e0 une demande de commercialisation de semences de bl\u00e9 poulard par Agri Obtentions<\/a><time datetime=\"2025-05-14T15:08:20+02:00\" class=\"wp-block-latest-posts__post-date\">14 mai 2025<\/time><div class=\"wp-block-latest-posts__post-excerpt\">En amont de la rencontre du groupe bl\u00e9, qui s&rsquo;est d\u00e9roul\u00e9e d\u00e9but f\u00e9vrier 2025 dans les Hautes-Pyr\u00e9n\u00e9es et qui a \u00e9t\u00e9 accueillie par le GAB 65 et le collectif de l\u2019Odyss\u00e9e d\u2019Engrain, s&rsquo;est tenue une rencontre de personnes et collectifs qui travaillent avec le bl\u00e9 poulard. M\u00e8tis en \u00e9tait et\u2026 <a class=\"wp-block-latest-posts__read-more\" href=\"https:\/\/collectif-metis.org\/index.php\/2025\/05\/14\/texte-de-positionnement-suite-a-une-demande-de-commercialisation-de-semences-de-ble-poulard-par-agri-obtentions\/\" rel=\"noopener noreferrer\">Lire la suite<span class=\"screen-reader-text\">\u00a0: Texte de positionnement suite \u00e0 une demande de commercialisation de semences de bl\u00e9 poulard par Agri Obtentions<\/span><\/a><\/div><\/li>\n<li><div class=\"wp-block-latest-posts__featured-image alignleft\"><img loading=\"lazy\" decoding=\"async\" width=\"150\" height=\"150\" src=\"https:\/\/collectif-metis.org\/wp-content\/uploads\/2025\/02\/IMG_2463-150x150.jpg\" class=\"attachment-thumbnail size-thumbnail wp-post-image\" alt=\"\" style=\"\" \/><\/div><a class=\"wp-block-latest-posts__post-title\" href=\"https:\/\/collectif-metis.org\/index.php\/2025\/02\/24\/biodiversite-cerealiere-et-pain-local-en-gironde-et-lot-et-garonne\/\">Biodiversit\u00e9 c\u00e9r\u00e9ali\u00e8re et pain local en Gironde et Lot-et-Garonne<\/a><time datetime=\"2025-02-24T21:55:51+01:00\" class=\"wp-block-latest-posts__post-date\">24 f\u00e9vrier 2025<\/time><div class=\"wp-block-latest-posts__post-excerpt\">M\u00e8tis a particip\u00e9 \u00e0 la derni\u00e8re publication du r\u00e9seau InPACT Nouvelle_Aquitaine d\u00e9di\u00e9e \u00e0 l&rsquo;alimentation. Elle montre qu&rsquo;une autre voie que celle de l&rsquo;agro-industrie existe et qu\u2019elle est reproductible. Pour t\u00e9l\u00e9charger l&rsquo;ensemble de la brochure, rendez-vous sur le site d&rsquo;INPACT https:\/\/inpactna.org\/toutes-les-actualites\/893-d%C3%A9couvrez-nos-initiatives-en-faveur-d-une-l-alimentation-durable,-paysanne-et-bio<\/div><\/li>\n<li><div class=\"wp-block-latest-posts__featured-image alignleft\"><img loading=\"lazy\" decoding=\"async\" width=\"150\" height=\"150\" src=\"https:\/\/collectif-metis.org\/wp-content\/uploads\/2024\/04\/thrive-150x150.png\" class=\"attachment-thumbnail size-thumbnail wp-post-image\" alt=\"\" style=\"\" \/><\/div><a class=\"wp-block-latest-posts__post-title\" href=\"https:\/\/collectif-metis.org\/index.php\/2024\/02\/13\/du-progres-dans-luberisation-le-cas-de-lappli-seedlinked\/\">Du progr\u00e8s dans l\u2019ub\u00e9risation\u00a0: le cas de l\u2019appli SeedLinked\u00a0<\/a><time datetime=\"2024-02-13T15:13:42+01:00\" class=\"wp-block-latest-posts__post-date\">13 f\u00e9vrier 2024<\/time><div class=\"wp-block-latest-posts__post-excerpt\">\u00c9l\u00e9ments pour une critique des plateformes num\u00e9riques appliqu\u00e9es aux semences. English version below L\u2019agriculture n\u2019\u00e9chappe pas \u00e0 la num\u00e9risation du monde. L\u2019int\u00e9gration des objets connect\u00e9s aux pratiques agricoles est un nouvel eldorado pour l\u2019industrie. Crois\u00e9es et analys\u00e9es, les donn\u00e9es g\u00e9n\u00e9r\u00e9es par les usagers de ces nouveaux outils constituent un march\u00e9\u2026 <a class=\"wp-block-latest-posts__read-more\" href=\"https:\/\/collectif-metis.org\/index.php\/2024\/02\/13\/du-progres-dans-luberisation-le-cas-de-lappli-seedlinked\/\" rel=\"noopener noreferrer\">Lire la suite<span class=\"screen-reader-text\">\u00a0: Du progr\u00e8s dans l\u2019ub\u00e9risation\u00a0: le cas de l\u2019appli SeedLinked\u00a0<\/span><\/a><\/div><\/li>\n<li><a class=\"wp-block-latest-posts__post-title\" href=\"https:\/\/collectif-metis.org\/index.php\/2023\/06\/16\/quelles-manieres-prometteuses-de-faire-de-la-recherche\/\">Quelles mani\u00e8res prometteuses de faire de la recherche ?<\/a><time datetime=\"2023-06-16T19:40:58+02:00\" class=\"wp-block-latest-posts__post-date\">16 juin 2023<\/time><div class=\"wp-block-latest-posts__post-excerpt\">Ce texte retranscrit une intervention de Pierre Rivi\u00e8re lors des rencontres du R\u00e9seau Semences Paysannes \u00ab A la recherche des bl\u00e9s \u00bb les 16 et 17 juin 2023 \u00e0 Bouchemaine. Le plan demand\u00e9 par les organisateurs \u00e9tait le suivant: comment nous produisons des connaissances, ce que nous proposons comme mani\u00e8re\u2026 <a class=\"wp-block-latest-posts__read-more\" href=\"https:\/\/collectif-metis.org\/index.php\/2023\/06\/16\/quelles-manieres-prometteuses-de-faire-de-la-recherche\/\" rel=\"noopener noreferrer\">Lire la suite<span class=\"screen-reader-text\">\u00a0: Quelles mani\u00e8res prometteuses de faire de la recherche ?<\/span><\/a><\/div><\/li>\n<li><a class=\"wp-block-latest-posts__post-title\" href=\"https:\/\/collectif-metis.org\/index.php\/2022\/08\/31\/autonomie-semences-et-recherche-temoignage-dun-ancien-chercheur\/\">Autonomie, semences et recherche : t\u00e9moignage d\u2019un ancien chercheur<\/a><time datetime=\"2022-08-31T09:31:00+02:00\" class=\"wp-block-latest-posts__post-date\">31 ao\u00fbt 2022<\/time><div class=\"wp-block-latest-posts__post-excerpt\">L\u2019\u00e9criture de ce texte par Pierre Rivi\u00e8re a d\u00e9but\u00e9 en septembre 2021 pour une version finale en aout 2022. Il a \u00e9t\u00e9 publi\u00e9 fin 2023 dans A. Bertrand, A. Blondeau Da Silva, D. Taurisson-Mouret, dir., Liaisons pastorales. Co\u00e9volutions, ruptures, r\u00e9sistances, EdiSens, 2023. https:\/\/www.hegemone.fr\/Liaisons-pastorales-Coevolutions-ruptures-resistances-EdiSens-2023-4477 \u00ab\u00a0L\u2019objet de cet article est de faire\u2026 <a class=\"wp-block-latest-posts__read-more\" href=\"https:\/\/collectif-metis.org\/index.php\/2022\/08\/31\/autonomie-semences-et-recherche-temoignage-dun-ancien-chercheur\/\" rel=\"noopener noreferrer\">Lire la suite<span class=\"screen-reader-text\">\u00a0: Autonomie, semences et recherche : t\u00e9moignage d\u2019un ancien chercheur<\/span><\/a><\/div><\/li>\n<li><a class=\"wp-block-latest-posts__post-title\" href=\"https:\/\/collectif-metis.org\/index.php\/2022\/01\/31\/note-de-positionnement-sur-le-projet-increase\/\">Note de positionnement sur le projet INCREASE<\/a><time datetime=\"2022-01-31T14:25:20+01:00\" class=\"wp-block-latest-posts__post-date\">31 janvier 2022<\/time><div class=\"wp-block-latest-posts__post-excerpt\"><\/div><\/li>\n<li><a class=\"wp-block-latest-posts__post-title\" href=\"https:\/\/collectif-metis.org\/index.php\/2021\/05\/04\/temoignage-dans-le-cadre-du-seminaire-expertise-citoyenne-et-action-publique\/\">T\u00e9moignage dans le cadre du \u00ab S\u00e9minaire expertise citoyenne et action publique \u00bb<\/a><time datetime=\"2021-05-04T15:07:41+02:00\" class=\"wp-block-latest-posts__post-date\">4 mai 2021<\/time><div class=\"wp-block-latest-posts__post-excerpt\">Ce s\u00e9minaire \u00e9tait organis\u00e9 par l\u2019Institut Francilien Recherche Innovation Soci\u00e9t\u00e9 (IFRIS) dans le cadre de la s\u00e9ance \u00ab\u00a0L&rsquo; agro\u00e9cologie: un champ de recherche participative\u00a0\u00bb.<\/div><\/li>\n<\/ul>","protected":false},"excerpt":{"rendered":"","protected":false},"author":1,"featured_media":0,"parent":0,"menu_order":0,"comment_status":"closed","ping_status":"closed","template":"","meta":{"footnotes":""},"class_list":["post-904","page","type-page","status-publish","hentry"],"_links":{"self":[{"href":"https:\/\/collectif-metis.org\/index.php\/wp-json\/wp\/v2\/pages\/904","targetHints":{"allow":["GET"]}}],"collection":[{"href":"https:\/\/collectif-metis.org\/index.php\/wp-json\/wp\/v2\/pages"}],"about":[{"href":"https:\/\/collectif-metis.org\/index.php\/wp-json\/wp\/v2\/types\/page"}],"author":[{"embeddable":true,"href":"https:\/\/collectif-metis.org\/index.php\/wp-json\/wp\/v2\/users\/1"}],"replies":[{"embeddable":true,"href":"https:\/\/collectif-metis.org\/index.php\/wp-json\/wp\/v2\/comments?post=904"}],"version-history":[{"count":2,"href":"https:\/\/collectif-metis.org\/index.php\/wp-json\/wp\/v2\/pages\/904\/revisions"}],"predecessor-version":[{"id":915,"href":"https:\/\/collectif-metis.org\/index.php\/wp-json\/wp\/v2\/pages\/904\/revisions\/915"}],"wp:attachment":[{"href":"https:\/\/collectif-metis.org\/index.php\/wp-json\/wp\/v2\/media?parent=904"}],"curies":[{"name":"wp","href":"https:\/\/api.w.org\/{rel}","templated":true}]}}